{"id":286,"date":"2025-09-29T15:46:09","date_gmt":"2025-09-29T15:46:09","guid":{"rendered":"https:\/\/blancodental.ro\/?page_id=286"},"modified":"2025-10-12T18:10:04","modified_gmt":"2025-10-12T18:10:04","slug":"home-4","status":"publish","type":"page","link":"https:\/\/blancodental.ro\/","title":{"rendered":"Prima pagina"},"content":{"rendered":"<p>[et_pb_section fb_built=&#8221;1&#8243; specialty=&#8221;on&#8221; padding_top_1=&#8221;10%&#8221; padding_top_bottom_link_1=&#8221;false&#8221; padding_left_right_link_1=&#8221;false&#8221; padding_1_tablet=&#8221;0px||||false|false&#8221; padding_1_phone=&#8221;0px||||false|false&#8221; padding_1_last_edited=&#8221;on|tablet&#8221; _builder_version=&#8221;4.27.4&#8243; _module_preset=&#8221;default&#8221; global_colors_info=&#8221;{}&#8221;][et_pb_column type=&#8221;1_2&#8243; _builder_version=&#8221;4.16&#8243; custom_padding=&#8221;|||&#8221; global_colors_info=&#8221;{}&#8221; custom_padding__hover=&#8221;|||&#8221;][et_pb_heading title=&#8221;secretul unui zambet sanatos?&#8221; _builder_version=&#8221;4.27.4&#8243; _module_preset=&#8221;3a6d7acc-ba7f-42fd-85cf-567b9fa1a48a&#8221; title_text_color=&#8221;gcid-primary-color&#8221; locked=&#8221;off&#8221; global_colors_info=&#8221;{%22gcid-primary-color%22:%91%22title_text_color%22%93}&#8221;][\/et_pb_heading][et_pb_heading title=&#8221;Ingrijirea profesional\u0103&#8221; _builder_version=&#8221;4.27.4&#8243; _module_preset=&#8221;24e0526a-a93f-4121-b6c9-250d1c0896e6&#8243; title_font_size=&#8221;52px&#8221; custom_margin=&#8221;||20px||false|false&#8221; locked=&#8221;off&#8221; global_colors_info=&#8221;{}&#8221;][\/et_pb_heading][et_pb_text _builder_version=&#8221;4.27.4&#8243; _module_preset=&#8221;a961405f-56b5-4b7a-aae5-7e2a6cbac043&#8243; locked=&#8221;off&#8221; global_colors_info=&#8221;{}&#8221;]<\/p>\n<p>S\u0103n\u0103tatea danturii tale este principala noastr\u0103 preocupare si suntem motivate s\u0103 iti oferim servicii de calitate pentru ca tu s\u0103 zambesti f\u0103r\u0103 griji!<\/p>\n<p>Vino la Blanco Dental in Tunari si las\u0103 profesionistii s\u0103 se ocupe de s\u0103n\u0103tatea din spatele zambetului tau!<\/p>\n<p>[\/et_pb_text][et_pb_button button_url=&#8221;https:\/\/blancodental.ro\/index.php\/contact\/&#8221; button_text=&#8221;PRGRAMEAZA O VIZITA&#8221; _builder_version=&#8221;4.27.4&#8243; _module_preset=&#8221;74f48f37-7c5d-4727-98b2-8c9cd5b1af52&#8243; custom_margin=&#8221;||20px||false|false&#8221; locked=&#8221;off&#8221; global_colors_info=&#8221;{}&#8221;][\/et_pb_button][et_pb_button button_url=&#8221;https:\/\/blancodental.ro\/index.php\/services\/&#8221; button_text=&#8221;Lista de servicii&#8221; _builder_version=&#8221;4.27.4&#8243; _module_preset=&#8221;71339d3e-bccc-43d4-b0ae-1986d10c301b&#8221; locked=&#8221;off&#8221; global_colors_info=&#8221;{}&#8221;][\/et_pb_button][\/et_pb_column][et_pb_column type=&#8221;1_2&#8243; specialty_columns=&#8221;2&#8243; _builder_version=&#8221;4.16&#8243; custom_padding=&#8221;|||&#8221; global_colors_info=&#8221;{}&#8221; custom_padding__hover=&#8221;|||&#8221;][et_pb_row_inner column_structure=&#8221;1_2,1_2&#8243; use_custom_gutter=&#8221;on&#8221; gutter_width=&#8221;1&#8243; make_equal=&#8221;on&#8221; _builder_version=&#8221;4.27.4&#8243; _module_preset=&#8221;default&#8221; global_colors_info=&#8221;{}&#8221;][et_pb_column_inner type=&#8221;1_2&#8243; saved_specialty_column_type=&#8221;1_2&#8243; _builder_version=&#8221;4.27.4&#8243; _module_preset=&#8221;default&#8221; global_colors_info=&#8221;{}&#8221;][et_pb_divider show_divider=&#8221;off&#8221; _builder_version=&#8221;4.27.4&#8243; _module_preset=&#8221;default&#8221; background_color=&#8221;gcid-secondary-color&#8221; height=&#8221;300px&#8221; border_radii=&#8221;on|500px|500px|500px|500px&#8221; locked=&#8221;off&#8221; global_colors_info=&#8221;{%22gcid-secondary-color%22:%91%22background_color%22%93}&#8221;][\/et_pb_divider][et_pb_image src=&#8221;https:\/\/blancodental.ro\/wp-content\/uploads\/2025\/09\/dentist-07.jpg&#8221; title_text=&#8221;dentist-07&#8243; _builder_version=&#8221;4.27.4&#8243; _module_preset=&#8221;default&#8221; border_radii=&#8221;on|500px|500px|500px|500px&#8221; locked=&#8221;off&#8221; global_colors_info=&#8221;{}&#8221;][\/et_pb_image][\/et_pb_column_inner][et_pb_column_inner type=&#8221;1_2&#8243; saved_specialty_column_type=&#8221;1_2&#8243; _builder_version=&#8221;4.27.4&#8243; _module_preset=&#8221;default&#8221; global_colors_info=&#8221;{}&#8221;][et_pb_image src=&#8221;https:\/\/blancodental.ro\/wp-content\/uploads\/2025\/09\/Matilda-cu-dintisori-1.jpg&#8221; title_text=&#8221;Matilda cu dintisori&#8221; _builder_version=&#8221;4.27.4&#8243; _module_preset=&#8221;default&#8221; border_radii=&#8221;on|500px|500px|500px|500px&#8221; locked=&#8221;off&#8221; global_colors_info=&#8221;{}&#8221;][\/et_pb_image][et_pb_divider show_divider=&#8221;off&#8221; _builder_version=&#8221;4.27.4&#8243; _module_preset=&#8221;default&#8221; background_color=&#8221;gcid-primary-color&#8221; height=&#8221;350px&#8221; border_radii=&#8221;off|20px|20px|500px|500px&#8221; locked=&#8221;off&#8221; global_colors_info=&#8221;{%22gcid-primary-color%22:%91%22background_color%22%93}&#8221;][\/et_pb_divider][\/et_pb_column_inner][\/et_pb_row_inner][\/et_pb_column][\/et_pb_section][et_pb_section fb_built=&#8221;1&#8243; admin_label=&#8221;Services&#8221; _builder_version=&#8221;4.27.4&#8243; _module_preset=&#8221;default&#8221; custom_padding=&#8221;0px|||||&#8221; collapsed=&#8221;on&#8221; global_colors_info=&#8221;{}&#8221;][et_pb_row column_structure=&#8221;1_2,1_2&#8243; _builder_version=&#8221;4.27.4&#8243; _module_preset=&#8221;9f6052f8-88c4-4425-9407-3ca977c3290f&#8221; global_colors_info=&#8221;{}&#8221;][et_pb_column type=&#8221;1_2&#8243; _builder_version=&#8221;4.27.4&#8243; _module_preset=&#8221;default&#8221; global_colors_info=&#8221;{}&#8221;][et_pb_heading title=&#8221;Bine ai venit in Tunari!&#8221; _builder_version=&#8221;4.27.4&#8243; _module_preset=&#8221;754c8f08-a222-4cfd-a872-b8b671ac0305&#8243; custom_margin=&#8221;|154px|10px||false|false&#8221; custom_padding=&#8221;|0px||||&#8221; hover_enabled=&#8221;0&#8243; global_colors_info=&#8221;{}&#8221; max_width=&#8221;100%&#8221; width=&#8221;100%&#8221; sticky_enabled=&#8221;0&#8243;][\/et_pb_heading][et_pb_heading _builder_version=&#8221;4.27.4&#8243; _module_preset=&#8221;ebba6b5a-0100-4287-8e52-0fa92325052f&#8221; custom_margin=&#8221;||10px||false|false&#8221; global_colors_info=&#8221;{}&#8221;][\/et_pb_heading][et_pb_text _builder_version=&#8221;4.27.4&#8243; _module_preset=&#8221;999b2882-98fb-444e-9f48-679ed11dc110&#8243; global_colors_info=&#8221;{}&#8221;][\/et_pb_text][et_pb_text _builder_version=&#8221;4.27.4&#8243; _module_preset=&#8221;999b2882-98fb-444e-9f48-679ed11dc110&#8243; global_colors_info=&#8221;{}&#8221; custom_padding=&#8221;4px|||||&#8221;]<\/p>\n<p style=\"text-align: justify;\"><span style=\"font-size: large;\">Ne dorim s\u0103 fim un cabinet &#8220;cochet!&#8221; \u00een care fiecare pacient este tratat cu empatie, r\u0103bdare \u0219i profesionalism. Fie c\u0103 vii pentru o simpl\u0103 consulta\u021bie sau pentru un plan de tratament complet, medicii no\u0219tri \u00ee\u021bi vor fi al\u0103turi \u00een fiecare etap\u0103.<\/span><\/p>\n<p>[\/et_pb_text][et_pb_heading title=&#8221;MISIUNEA NOASTRA: &#8221; _builder_version=&#8221;4.27.4&#8243; _module_preset=&#8221;ebba6b5a-0100-4287-8e52-0fa92325052f&#8221; custom_margin=&#8221;||10px||false|false&#8221; global_colors_info=&#8221;{}&#8221;][\/et_pb_heading][et_pb_heading title=&#8221;s\u0103 facem cat mai multe zambete s\u0103n\u0103toase si fericite!&#8221; _builder_version=&#8221;4.27.4&#8243; _module_preset=&#8221;ebba6b5a-0100-4287-8e52-0fa92325052f&#8221; custom_margin=&#8221;||10px||false|false&#8221; global_colors_info=&#8221;{}&#8221;][\/et_pb_heading][\/et_pb_column][et_pb_column type=&#8221;1_2&#8243; _builder_version=&#8221;4.27.4&#8243; _module_preset=&#8221;default&#8221; global_colors_info=&#8221;{}&#8221;][et_pb_image src=&#8221;https:\/\/blancodental.ro\/wp-content\/uploads\/2025\/09\/Elena-si-Vera-1.jpg&#8221; title_text=&#8221;Elena si Vera&#8221; _builder_version=&#8221;4.27.4&#8243; _module_preset=&#8221;c66464a9-4034-4ef0-9bd0-baf6f92ccc33&#8243; custom_padding=&#8221;||0px|||&#8221; global_colors_info=&#8221;{}&#8221;][\/et_pb_image][\/et_pb_column][\/et_pb_row][\/et_pb_section][et_pb_section fb_built=&#8221;1&#8243; admin_label=&#8221;About the Owner&#8221; _builder_version=&#8221;4.27.4&#8243; _module_preset=&#8221;default&#8221; collapsed=&#8221;on&#8221; global_colors_info=&#8221;{}&#8221;][et_pb_row column_structure=&#8221;1_5,1_5,1_5,1_5,1_5&#8243; _builder_version=&#8221;4.27.4&#8243; _module_preset=&#8221;default&#8221; global_colors_info=&#8221;{}&#8221;][et_pb_column type=&#8221;1_5&#8243; _builder_version=&#8221;4.27.4&#8243; _module_preset=&#8221;default&#8221; global_colors_info=&#8221;{}&#8221;][et_pb_image src=&#8221;https:\/\/blancodental.ro\/wp-content\/uploads\/2025\/09\/IMG_9206-scaled.jpg&#8221; title_text=&#8221;IMG_9206&#8243; _builder_version=&#8221;4.27.4&#8243; _module_preset=&#8221;default&#8221; global_colors_info=&#8221;{}&#8221;][\/et_pb_image][\/et_pb_column][et_pb_column type=&#8221;1_5&#8243; _builder_version=&#8221;4.27.4&#8243; _module_preset=&#8221;default&#8221; global_colors_info=&#8221;{}&#8221;][et_pb_image src=&#8221;https:\/\/blancodental.ro\/wp-content\/uploads\/2025\/09\/IMG_9294-scaled.jpg&#8221; title_text=&#8221;IMG_9294&#8243; _builder_version=&#8221;4.27.4&#8243; _module_preset=&#8221;default&#8221; global_colors_info=&#8221;{}&#8221;][\/et_pb_image][\/et_pb_column][et_pb_column type=&#8221;1_5&#8243; _builder_version=&#8221;4.27.4&#8243; _module_preset=&#8221;default&#8221; global_colors_info=&#8221;{}&#8221;][et_pb_image src=&#8221;https:\/\/blancodental.ro\/wp-content\/uploads\/2025\/09\/IMG_9338-scaled.jpg&#8221; title_text=&#8221;IMG_9338&#8243; _builder_version=&#8221;4.27.4&#8243; _module_preset=&#8221;default&#8221; global_colors_info=&#8221;{}&#8221;][\/et_pb_image][\/et_pb_column][et_pb_column type=&#8221;1_5&#8243; _builder_version=&#8221;4.27.4&#8243; _module_preset=&#8221;default&#8221; global_colors_info=&#8221;{}&#8221;][et_pb_image src=&#8221;https:\/\/blancodental.ro\/wp-content\/uploads\/2025\/09\/Calin-lesinat-scaled.jpg&#8221; title_text=&#8221;Calin lesinat&#8221; _builder_version=&#8221;4.27.4&#8243; _module_preset=&#8221;default&#8221; global_colors_info=&#8221;{}&#8221;][\/et_pb_image][\/et_pb_column][et_pb_column type=&#8221;1_5&#8243; _builder_version=&#8221;4.27.4&#8243; _module_preset=&#8221;default&#8221; global_colors_info=&#8221;{}&#8221;][et_pb_image src=&#8221;https:\/\/blancodental.ro\/wp-content\/uploads\/2025\/09\/Filip-pe-scaun-1-scaled.jpg&#8221; title_text=&#8221;Filip pe scaun&#8221; _builder_version=&#8221;4.27.4&#8243; _module_preset=&#8221;default&#8221; global_colors_info=&#8221;{}&#8221;][\/et_pb_image][\/et_pb_column][\/et_pb_row][\/et_pb_section][et_pb_section fb_built=&#8221;1&#8243; admin_label=&#8221;Features&#8221; _builder_version=&#8221;4.27.4&#8243; _module_preset=&#8221;default&#8221; custom_padding=&#8221;||176px|||&#8221; collapsed=&#8221;on&#8221; global_colors_info=&#8221;{}&#8221;][et_pb_row column_structure=&#8221;1_2,1_2&#8243; _builder_version=&#8221;4.27.4&#8243; _module_preset=&#8221;default&#8221; custom_padding=&#8221;||32px|||&#8221; global_colors_info=&#8221;{}&#8221;][et_pb_column type=&#8221;1_2&#8243; _builder_version=&#8221;4.27.4&#8243; _module_preset=&#8221;default&#8221; global_colors_info=&#8221;{}&#8221;][et_pb_heading title=&#8221;Va asteptam &#8221; _builder_version=&#8221;4.27.4&#8243; _module_preset=&#8221;3a6d7acc-ba7f-42fd-85cf-567b9fa1a48a&#8221; title_text_color=&#8221;gcid-primary-color&#8221; global_colors_info=&#8221;{%22gcid-primary-color%22:%91%22title_text_color%22%93}&#8221;][\/et_pb_heading][et_pb_heading title=&#8221;La Blanco Dental&#8221; _builder_version=&#8221;4.27.4&#8243; _module_preset=&#8221;754c8f08-a222-4cfd-a872-b8b671ac0305&#8243; custom_margin=&#8221;||10px||false|false&#8221; global_colors_info=&#8221;{}&#8221;][\/et_pb_heading][et_pb_text _builder_version=&#8221;4.27.4&#8243; _module_preset=&#8221;a961405f-56b5-4b7a-aae5-7e2a6cbac043&#8243; text_font_size=&#8221;19px&#8221; max_width=&#8221;100%&#8221; custom_margin=&#8221;|-670px||||&#8221; custom_padding=&#8221;|5px||||&#8221; global_colors_info=&#8221;{}&#8221;]<\/p>\n<p style=\"text-align: justify;\">Cabinetul stomatologic din zona Pipera \/ Tunari in care transformam ingrijirea dentara intr-o experienta confortabila lucrand intr-un mediu relaxat, cu un design elegant ce combina functionalitatea cu esteticul\u00a0 pentru a reduce stresul asociat unui cabinet stomatologic clasic.<\/p>\n<p>[\/et_pb_text][\/et_pb_column][et_pb_column type=&#8221;1_2&#8243; _builder_version=&#8221;4.27.4&#8243; _module_preset=&#8221;default&#8221; global_colors_info=&#8221;{}&#8221;][\/et_pb_column][\/et_pb_row][et_pb_row column_structure=&#8221;1_2,1_2&#8243; use_custom_gutter=&#8221;on&#8221; gutter_width=&#8221;2&#8243; _builder_version=&#8221;4.27.4&#8243; _module_preset=&#8221;default&#8221; global_colors_info=&#8221;{}&#8221;][et_pb_column type=&#8221;1_2&#8243; _builder_version=&#8221;4.27.4&#8243; _module_preset=&#8221;default&#8221; global_colors_info=&#8221;{}&#8221;][et_pb_image src=&#8221;https:\/\/blancodental.ro\/wp-content\/uploads\/2025\/09\/Imagine-WhatsApp-2025-08-07-la-14.46.42_3e4b7cb5.jpg&#8221; title_text=&#8221;Imagine WhatsApp 2025-08-07 la 14.46.42_3e4b7cb5&#8243; _builder_version=&#8221;4.27.4&#8243; _module_preset=&#8221;c66464a9-4034-4ef0-9bd0-baf6f92ccc33&#8243; global_colors_info=&#8221;{}&#8221;][\/et_pb_image][\/et_pb_column][et_pb_column type=&#8221;1_2&#8243; _builder_version=&#8221;4.27.4&#8243; _module_preset=&#8221;default&#8221; global_colors_info=&#8221;{}&#8221;][et_pb_image src=&#8221;https:\/\/blancodental.ro\/wp-content\/uploads\/2025\/09\/Imagine-WhatsApp-2025-08-31-la-13.32.55_292264fc.jpg&#8221; title_text=&#8221;Imagine WhatsApp 2025-08-31 la 13.32.55_292264fc&#8221; _builder_version=&#8221;4.27.4&#8243; _module_preset=&#8221;c66464a9-4034-4ef0-9bd0-baf6f92ccc33&#8243; min_height=&#8221;463.6px&#8221; locked=&#8221;off&#8221; global_colors_info=&#8221;{}&#8221;][\/et_pb_image][\/et_pb_column][\/et_pb_row][et_pb_row column_structure=&#8221;1_2,1_2&#8243; use_custom_gutter=&#8221;on&#8221; gutter_width=&#8221;2&#8243; _builder_version=&#8221;4.27.4&#8243; _module_preset=&#8221;default&#8221; global_colors_info=&#8221;{}&#8221;][et_pb_column type=&#8221;1_2&#8243; _builder_version=&#8221;4.27.4&#8243; _module_preset=&#8221;default&#8221; global_colors_info=&#8221;{}&#8221;][et_pb_image src=&#8221;https:\/\/blancodental.ro\/wp-content\/uploads\/2025\/09\/IMG_5519-scaled.jpg&#8221; title_text=&#8221;IMG_5519&#8243; _builder_version=&#8221;4.27.4&#8243; _module_preset=&#8221;c66464a9-4034-4ef0-9bd0-baf6f92ccc33&#8243; global_colors_info=&#8221;{}&#8221;][\/et_pb_image][\/et_pb_column][et_pb_column type=&#8221;1_2&#8243; _builder_version=&#8221;4.27.4&#8243; _module_preset=&#8221;default&#8221; global_colors_info=&#8221;{}&#8221;][et_pb_image src=&#8221;https:\/\/blancodental.ro\/wp-content\/uploads\/2025\/09\/IMG_5522-scaled.jpg&#8221; title_text=&#8221;IMG_5522&#8243; _builder_version=&#8221;4.27.4&#8243; _module_preset=&#8221;c66464a9-4034-4ef0-9bd0-baf6f92ccc33&#8243; min_height=&#8221;463.6px&#8221; locked=&#8221;off&#8221; global_colors_info=&#8221;{}&#8221;][\/et_pb_image][\/et_pb_column][\/et_pb_row][\/et_pb_section][et_pb_section fb_built=&#8221;1&#8243; admin_label=&#8221;Call to Action&#8221; _builder_version=&#8221;4.27.4&#8243; _module_preset=&#8221;default&#8221; collapsed=&#8221;on&#8221; global_colors_info=&#8221;{}&#8221;][et_pb_row _builder_version=&#8221;4.27.4&#8243; _module_preset=&#8221;0169c884-23e4-4828-981b-8c9e0355ae94&#8243; background_image=&#8221;https:\/\/blancodental.ro\/wp-content\/uploads\/2025\/09\/Dentist-design-element-01@2x.png&#8221; global_colors_info=&#8221;{}&#8221;][et_pb_column type=&#8221;4_4&#8243; _builder_version=&#8221;4.27.4&#8243; _module_preset=&#8221;default&#8221; global_colors_info=&#8221;{}&#8221;][et_pb_heading title=&#8221;POTI SA FACI PRIMUL PAS&#8221; _builder_version=&#8221;4.27.4&#8243; _module_preset=&#8221;3a6d7acc-ba7f-42fd-85cf-567b9fa1a48a&#8221; title_text_align=&#8221;center&#8221; title_text_color=&#8221;#FFFFFF&#8221; global_colors_info=&#8221;{}&#8221;][\/et_pb_heading][et_pb_cta title=&#8221;Sun\u0103 acum si programeaz\u0103 o vizit\u0103!&#8221; button_url=&#8221;https:\/\/blancodental.ro\/index.php\/contact\/&#8221; button_text=&#8221;CONTACT&#8221; button_text_tablet=&#8221;CONTACT&#8221; button_text_phone=&#8221;CONTACT&#8221; button_text_last_edited=&#8221;on|desktop&#8221; _builder_version=&#8221;4.27.4&#8243; _module_preset=&#8221;aa9318b0-0a30-418e-acf0-87ed0a64e41b&#8221; button_text_color=&#8221;#000000&#8243; button_bg_color=&#8221;#FFFFFF&#8221; background_layout=&#8221;dark&#8221; global_colors_info=&#8221;{}&#8221;]<\/p>\n<p>Nu mai astepta. si tu meriti s\u0103 ai un zambet frumos si s\u0103n\u0103tos!<\/p>\n<p>[\/et_pb_cta][\/et_pb_column][\/et_pb_row][\/et_pb_section]<\/p>\n","protected":false},"excerpt":{"rendered":"<p>S\u0103n\u0103tatea danturii tale este principala noastr\u0103 preocupare si suntem motivate s\u0103 iti oferim servicii de calitate pentru ca tu s\u0103 zambesti f\u0103r\u0103 griji! Vino la Blanco Dental in Tunari si las\u0103 profesionistii s\u0103 se ocupe de s\u0103n\u0103tatea din spatele zambetului tau!Ne dorim s\u0103 fim un cabinet &#8220;cochet!&#8221; \u00een care fiecare pacient este tratat cu empatie, [&hellip;]<\/p>\n","protected":false},"author":1,"featured_media":0,"parent":0,"menu_order":0,"comment_status":"closed","ping_status":"closed","template":"","meta":{"_et_pb_use_builder":"on","_et_pb_old_content":"","_et_gb_content_width":"","footnotes":""},"class_list":["post-286","page","type-page","status-publish","hentry"],"_links":{"self":[{"href":"https:\/\/blancodental.ro\/index.php\/wp-json\/wp\/v2\/pages\/286","targetHints":{"allow":["GET"]}}],"collection":[{"href":"https:\/\/blancodental.ro\/index.php\/wp-json\/wp\/v2\/pages"}],"about":[{"href":"https:\/\/blancodental.ro\/index.php\/wp-json\/wp\/v2\/types\/page"}],"author":[{"embeddable":true,"href":"https:\/\/blancodental.ro\/index.php\/wp-json\/wp\/v2\/users\/1"}],"replies":[{"embeddable":true,"href":"https:\/\/blancodental.ro\/index.php\/wp-json\/wp\/v2\/comments?post=286"}],"version-history":[{"count":34,"href":"https:\/\/blancodental.ro\/index.php\/wp-json\/wp\/v2\/pages\/286\/revisions"}],"predecessor-version":[{"id":538,"href":"https:\/\/blancodental.ro\/index.php\/wp-json\/wp\/v2\/pages\/286\/revisions\/538"}],"wp:attachment":[{"href":"https:\/\/blancodental.ro\/index.php\/wp-json\/wp\/v2\/media?parent=286"}],"curies":[{"name":"wp","href":"https:\/\/api.w.org\/{rel}","templated":true}]}}