{"id":15,"date":"2025-09-01T19:44:48","date_gmt":"2025-09-01T19:44:48","guid":{"rendered":"https:\/\/blancodental.ro\/?page_id=15"},"modified":"2025-10-12T16:24:57","modified_gmt":"2025-10-12T16:24:57","slug":"services","status":"publish","type":"page","link":"https:\/\/blancodental.ro\/index.php\/services\/","title":{"rendered":"Servicii"},"content":{"rendered":"<p>[et_pb_section fb_built=&#8221;1&#8243; admin_label=&#8221;Features&#8221; _builder_version=&#8221;4.27.4&#8243; _module_preset=&#8221;default&#8221; background_color=&#8221;#c0d6ce&#8221; min_height=&#8221;1266.9px&#8221; custom_margin=&#8221;||-420px|||&#8221; custom_padding=&#8221;||478px|||&#8221; locked=&#8221;off&#8221; collapsed=&#8221;on&#8221; global_colors_info=&#8221;{}&#8221;][et_pb_row column_structure=&#8221;3_4,1_4&#8243; use_custom_gutter=&#8221;on&#8221; gutter_width=&#8221;2&#8243; make_equal=&#8221;on&#8221; custom_padding_last_edited=&#8221;on|tablet&#8221; _builder_version=&#8221;4.27.4&#8243; _module_preset=&#8221;default&#8221; min_height=&#8221;314.6px&#8221; custom_margin=&#8221;1px|auto|-179px|auto||&#8221; custom_padding=&#8221;1px||97px||false|false&#8221; custom_padding_tablet=&#8221;||0px||false|false&#8221; custom_padding_phone=&#8221;||0px||false|false&#8221; locked=&#8221;off&#8221; global_colors_info=&#8221;{}&#8221;][et_pb_column type=&#8221;3_4&#8243; _builder_version=&#8221;4.27.4&#8243; _module_preset=&#8221;f745c117-6e38-477f-9e35-339042515d6f&#8221; background_image=&#8221;https:\/\/blancodental.ro\/wp-content\/uploads\/2025\/09\/dentist-01.jpg&#8221; custom_padding=&#8221;30px|30px|30px|30px|true|true&#8221; global_colors_info=&#8221;{}&#8221;][et_pb_heading title=&#8221;Servicii dentare pentru toata  familia&#8221; _builder_version=&#8221;4.27.4&#8243; _module_preset=&#8221;754c8f08-a222-4cfd-a872-b8b671ac0305&#8243; title_text_color=&#8221;#FFFFFF&#8221; width=&#8221;61.8%&#8221; max_width=&#8221;53%&#8221; global_colors_info=&#8221;{}&#8221;][\/et_pb_heading][\/et_pb_column][et_pb_column type=&#8221;1_4&#8243; _builder_version=&#8221;4.27.4&#8243; _module_preset=&#8221;d16dab5c-c480-48c1-ad6c-6a068f4ddbd8&#8243; background_color=&#8221;gcid-fa93d136-c628-4ec5-abe3-03f78bafe419&#8243; link_option_url=&#8221;#&#8221; global_colors_info=&#8221;{%22gcid-fa93d136-c628-4ec5-abe3-03f78bafe419%22:%91%22background_color%22%93}&#8221;][et_pb_icon font_icon=&#8221;&#xf62e;||fa||900&#8243; icon_color=&#8221;#FFFFFF&#8221; align=&#8221;left&#8221; _builder_version=&#8221;4.27.4&#8243; _module_preset=&#8221;ce18d2d6-b7ec-4f8c-a7b4-c326a12f2561&#8243; custom_margin=&#8221;||30%||false|false&#8221; global_colors_info=&#8221;{}&#8221;][\/et_pb_icon][et_pb_heading title=&#8221;Implanturi&#8221; _builder_version=&#8221;4.27.4&#8243; _module_preset=&#8221;ebba6b5a-0100-4287-8e52-0fa92325052f&#8221; title_text_color=&#8221;#FFFFFF&#8221; title_font_size=&#8221;27px&#8221; custom_margin=&#8221;||10px||false|false&#8221; global_colors_info=&#8221;{}&#8221;][\/et_pb_heading][et_pb_text _builder_version=&#8221;4.27.4&#8243; _module_preset=&#8221;2b52e01d-aa91-4ee3-910c-63f3a8c7cc13&#8243; text_font_size=&#8221;19px&#8221; global_colors_info=&#8221;{}&#8221;]<\/p>\n<p>Solutia durabila ce arata aproape natural in cazul dintilor lipsa.<\/p>\n<p>[\/et_pb_text][\/et_pb_column][\/et_pb_row][et_pb_row column_structure=&#8221;1_3,1_3,1_3&#8243; use_custom_gutter=&#8221;on&#8221; gutter_width=&#8221;2&#8243; make_equal=&#8221;on&#8221; custom_padding_last_edited=&#8221;on|desktop&#8221; _builder_version=&#8221;4.27.4&#8243; _module_preset=&#8221;default&#8221; min_height=&#8221;139.9px&#8221; custom_margin=&#8221;51px|auto|22px|auto||&#8221; custom_padding=&#8221;176px|||||&#8221; custom_padding_tablet=&#8221;||0px||false|false&#8221; custom_padding_phone=&#8221;||0px||false|false&#8221; locked=&#8221;off&#8221; global_colors_info=&#8221;{}&#8221;][et_pb_column type=&#8221;1_3&#8243; _builder_version=&#8221;4.27.4&#8243; _module_preset=&#8221;d16dab5c-c480-48c1-ad6c-6a068f4ddbd8&#8243; background_color=&#8221;gcid-fa93d136-c628-4ec5-abe3-03f78bafe419&#8243; link_option_url=&#8221;#&#8221; global_colors_info=&#8221;{%22gcid-fa93d136-c628-4ec5-abe3-03f78bafe419%22:%91%22background_color%22%93}&#8221;][et_pb_icon font_icon=&#8221;&#xf5c9;||fa||900&#8243; icon_color=&#8221;#FFFFFF&#8221; align=&#8221;left&#8221; _builder_version=&#8221;4.27.4&#8243; _module_preset=&#8221;ce18d2d6-b7ec-4f8c-a7b4-c326a12f2561&#8243; custom_margin=&#8221;||30%||false|false&#8221; global_colors_info=&#8221;{}&#8221;][\/et_pb_icon][et_pb_heading title=&#8221;Ingrijire generala&#8221; _builder_version=&#8221;4.27.4&#8243; _module_preset=&#8221;ebba6b5a-0100-4287-8e52-0fa92325052f&#8221; title_text_color=&#8221;#FFFFFF&#8221; title_font_size=&#8221;27px&#8221; custom_margin=&#8221;||10px||false|false&#8221; global_colors_info=&#8221;{}&#8221;][\/et_pb_heading][et_pb_text _builder_version=&#8221;4.27.4&#8243; _module_preset=&#8221;2b52e01d-aa91-4ee3-910c-63f3a8c7cc13&#8243; text_font_size=&#8221;19px&#8221; global_colors_info=&#8221;{}&#8221;]<\/p>\n<p>Verificari complete, igienizari si ingrijire preventiva.<\/p>\n<p>[\/et_pb_text][\/et_pb_column][et_pb_column type=&#8221;1_3&#8243; _builder_version=&#8221;4.27.4&#8243; _module_preset=&#8221;d16dab5c-c480-48c1-ad6c-6a068f4ddbd8&#8243; background_color=&#8221;gcid-3f7048e2-cee9-4fc6-8cd3-4ddac2fefbaa&#8221; link_option_url=&#8221;#&#8221; global_colors_info=&#8221;{%22gcid-3f7048e2-cee9-4fc6-8cd3-4ddac2fefbaa%22:%91%22background_color%22%93}&#8221;][et_pb_icon font_icon=&#8221;&#xf118;||fa||900&#8243; icon_color=&#8221;gcid-fa93d136-c628-4ec5-abe3-03f78bafe419&#8243; align=&#8221;left&#8221; _builder_version=&#8221;4.27.4&#8243; _module_preset=&#8221;ce18d2d6-b7ec-4f8c-a7b4-c326a12f2561&#8243; custom_margin=&#8221;||30%||false|false&#8221; locked=&#8221;off&#8221; global_colors_info=&#8221;{%22gcid-fa93d136-c628-4ec5-abe3-03f78bafe419%22:%91%22icon_color%22%93}&#8221;][\/et_pb_icon][et_pb_heading title=&#8221;Estetica dentara&#8221; _builder_version=&#8221;4.27.4&#8243; _module_preset=&#8221;ebba6b5a-0100-4287-8e52-0fa92325052f&#8221; title_font_size=&#8221;27px&#8221; custom_margin=&#8221;||10px||false|false&#8221; locked=&#8221;off&#8221; global_colors_info=&#8221;{}&#8221;][\/et_pb_heading][et_pb_text _builder_version=&#8221;4.27.4&#8243; _module_preset=&#8221;a961405f-56b5-4b7a-aae5-7e2a6cbac043&#8243; text_font_size=&#8221;19px&#8221; locked=&#8221;off&#8221; global_colors_info=&#8221;{}&#8221;]<\/p>\n<p>Zambete transformate prin procedura de albire, fatete sau alte interventii.<\/p>\n<p>[\/et_pb_text][\/et_pb_column][et_pb_column type=&#8221;1_3&#8243; _builder_version=&#8221;4.27.4&#8243; _module_preset=&#8221;d16dab5c-c480-48c1-ad6c-6a068f4ddbd8&#8243; background_color=&#8221;gcid-3f7048e2-cee9-4fc6-8cd3-4ddac2fefbaa&#8221; link_option_url=&#8221;#&#8221; global_colors_info=&#8221;{%22gcid-3f7048e2-cee9-4fc6-8cd3-4ddac2fefbaa%22:%91%22background_color%22%93}&#8221;][et_pb_icon font_icon=&#8221;&#xf621;||fa||900&#8243; icon_color=&#8221;gcid-fa93d136-c628-4ec5-abe3-03f78bafe419&#8243; align=&#8221;left&#8221; _builder_version=&#8221;4.27.4&#8243; _module_preset=&#8221;ce18d2d6-b7ec-4f8c-a7b4-c326a12f2561&#8243; custom_margin=&#8221;||30%||false|false&#8221; locked=&#8221;off&#8221; global_colors_info=&#8221;{%22gcid-fa93d136-c628-4ec5-abe3-03f78bafe419%22:%91%22icon_color%22%93}&#8221;][\/et_pb_icon][et_pb_heading title=&#8221;Urgente&#8221; _builder_version=&#8221;4.27.4&#8243; _module_preset=&#8221;ebba6b5a-0100-4287-8e52-0fa92325052f&#8221; title_font_size=&#8221;27px&#8221; custom_margin=&#8221;||10px||false|false&#8221; locked=&#8221;off&#8221; global_colors_info=&#8221;{}&#8221;][\/et_pb_heading][et_pb_text _builder_version=&#8221;4.27.4&#8243; _module_preset=&#8221;a961405f-56b5-4b7a-aae5-7e2a6cbac043&#8243; text_font_size=&#8221;19px&#8221; locked=&#8221;off&#8221; global_colors_info=&#8221;{}&#8221;]<\/p>\n<p>Ingrijire imediata pentru dureri puternice\u00a0 si pentru alte situatii.<\/p>\n<p>[\/et_pb_text][\/et_pb_column][\/et_pb_row][et_pb_row column_structure=&#8221;1_3,2_3&#8243; use_custom_gutter=&#8221;on&#8221; gutter_width=&#8221;2&#8243; make_equal=&#8221;on&#8221; custom_padding_last_edited=&#8221;on|tablet&#8221; _builder_version=&#8221;4.27.4&#8243; _module_preset=&#8221;default&#8221; custom_margin=&#8221;|auto|-79px|auto||&#8221; custom_padding=&#8221;57px||27px||false|false&#8221; custom_padding_tablet=&#8221;||0px||false|false&#8221; custom_padding_phone=&#8221;||0px||false|false&#8221; global_colors_info=&#8221;{}&#8221;][et_pb_column type=&#8221;1_3&#8243; _builder_version=&#8221;4.27.4&#8243; _module_preset=&#8221;595dd5e9-cd89-4316-ac26-5acca5b488d1&#8243; global_colors_info=&#8221;{}&#8221;][et_pb_image src=&#8221;https:\/\/blancodental.ro\/wp-content\/uploads\/2025\/09\/0-6fe0346e-0162-40ea-af5c-099065439683-1184&#215;1568.jpg&#8221; title_text=&#8221;Elena si Vera 2&#8243; _builder_version=&#8221;4.27.4&#8243; _module_preset=&#8221;default&#8221; global_colors_info=&#8221;{}&#8221;][\/et_pb_image][\/et_pb_column][et_pb_column type=&#8221;2_3&#8243; _builder_version=&#8221;4.27.4&#8243; _module_preset=&#8221;595dd5e9-cd89-4316-ac26-5acca5b488d1&#8243; global_colors_info=&#8221;{}&#8221;][et_pb_text _builder_version=&#8221;4.27.4&#8243; _module_preset=&#8221;fbb23f3d-671c-4b58-9287-495cc1ca2ab1&#8243; text_font=&#8221;||||||||&#8221; text_line_height=&#8221;1.5em&#8221; header_font=&#8221;||||||||&#8221; text_orientation=&#8221;center&#8221; custom_margin=&#8221;||30px||false|false&#8221; custom_padding=&#8221;1px||0px|||&#8221; global_colors_info=&#8221;{}&#8221;]<\/p>\n<blockquote><\/blockquote>\n<h4 style=\"text-align: justify;\"><span style=\"font-size: large;\">\u00a0 \u00a0 \u00a0 \u00a0 \u00a0 \u00a0Echipa noastra intelege nevoile specifice fiecarei grupe de varsta &#8211; de la copii pana la seniori. <\/span><span style=\"font-size: large;\">Ne implicam in crearea unei experiente pozitive, cu stres redus la fiecare vizita.<\/span><\/h4>\n<h4 style=\"text-align: justify;\"><span style=\"font-size: large;\">\u00a0 \u00a0 \u00a0 \u00a0 Va<\/span><span style=\"font-size: large;\"> oferim o ingrijire personalizata pentru a va ajuta intreaga familie sa zambeasca cu incredere <\/span><span style=\"font-size: large;\">indiferent daca este vorba de <\/span><span style=\"font-size: large;\">prima vizita la medicul stomatolog, de <\/span><span style=\"font-size: large;\">o verificare de rutina sau de un tratament specializat.<\/span><\/h4>\n<blockquote><\/blockquote>\n<p>[\/et_pb_text][\/et_pb_column][\/et_pb_row][\/et_pb_section][et_pb_section fb_built=&#8221;1&#8243; admin_label=&#8221;FAQ&#8221; _builder_version=&#8221;4.27.4&#8243; _module_preset=&#8221;default&#8221; min_height=&#8221;2088.1px&#8221; custom_margin=&#8221;||-583px|||&#8221; custom_padding=&#8221;0px|||||&#8221; collapsed=&#8221;on&#8221; global_colors_info=&#8221;{}&#8221;][et_pb_row column_structure=&#8221;1_3,2_3&#8243; _builder_version=&#8221;4.27.4&#8243; _module_preset=&#8221;9f6052f8-88c4-4425-9407-3ca977c3290f&#8221; custom_padding=&#8221;60px|59px|60px|59px|true|true&#8221; global_colors_info=&#8221;{}&#8221;][et_pb_column type=&#8221;1_3&#8243; _builder_version=&#8221;4.27.4&#8243; _module_preset=&#8221;default&#8221; global_colors_info=&#8221;{}&#8221;][et_pb_heading title=&#8221;SERVICII DE INGRIJIRE GENERALA&#8221; _builder_version=&#8221;4.27.4&#8243; _module_preset=&#8221;9a89e6a4-b388-4353-b43d-285a944affd6&#8243; custom_margin=&#8221;||10px||false|false&#8221; global_colors_info=&#8221;{}&#8221;][\/et_pb_heading][et_pb_text _builder_version=&#8221;4.27.4&#8243; _module_preset=&#8221;default&#8221; global_colors_info=&#8221;{}&#8221;]<\/p>\n<p>\u00a0Cu un consult stomatologic periodic poti sa:<strong><\/strong><\/p>\n<ul>\n<li style=\"list-style-type: none;\">\n<ul>\n<li style=\"list-style-type: none;\">\n<ul>\n<li><strong>pastrezi un zambet sanatos <\/strong><\/li>\n<li><strong>previi aparitia problemelor dentare grave.<\/strong><\/li>\n<\/ul>\n<\/li>\n<\/ul>\n<\/li>\n<\/ul>\n<p>[\/et_pb_text][\/et_pb_column][et_pb_column type=&#8221;2_3&#8243; _builder_version=&#8221;4.27.4&#8243; _module_preset=&#8221;default&#8221; global_colors_info=&#8221;{}&#8221;][et_pb_toggle title=&#8221;C\u00e2t de des ar trebui s\u0103 ajung la dentist? &#8221; _builder_version=&#8221;4.27.4&#8243; _module_preset=&#8221;5cc8d035-ac83-42eb-9e93-65383c7eeffe&#8221; global_colors_info=&#8221;{}&#8221;]<\/p>\n<p><span style=\"vertical-align: inherit;\"><span style=\"vertical-align: inherit;\"><span style=\"vertical-align: inherit;\"><span style=\"vertical-align: inherit;\"><span style=\"vertical-align: inherit;\"><span style=\"vertical-align: inherit;\">Recomand<\/span><\/span><\/span><\/span><span style=\"vertical-align: inherit;\"><span style=\"vertical-align: inherit;\"><span style=\"vertical-align: inherit;\"><span style=\"vertical-align: inherit;\"><span style=\"vertical-align: inherit;\">\u0103<\/span><\/span><\/span><\/span><\/span><span style=\"vertical-align: inherit;\"><span style=\"vertical-align: inherit;\"><span style=\"vertical-align: inherit;\"><span style=\"vertical-align: inherit;\">m un control preventiv \u0219i o igienizare la fiecare \u0219ase luni pentru a depasta din timp problem\u0103. Astfel, putem urm\u0103ri starea din\u021bilor \u0219i a gingiilor, putem cur\u0103\u021ba placa \u0219i tartrul. \u00cen func\u021bie de situa\u021bie, intervalul dintre vizite fi diferit<\/span><\/span><\/span><\/span><\/span><\/span><\/p>\n<p>[\/et_pb_toggle][et_pb_toggle title=&#8221;Este necesar s\u0103 fac o radiografie la fiecare vizit\u0103?&#8221; _builder_version=&#8221;4.27.4&#8243; _module_preset=&#8221;5cc8d035-ac83-42eb-9e93-65383c7eeffe&#8221; global_colors_info=&#8221;{}&#8221;]<\/p>\n<p>Nu, expunerea la radia\u021bii trebuie sa fie men\u021binut\u0103 la un nivel minim. Radiografiile sunt recomandate de c\u0103tre medic \u00een func\u021bie de nevoile \u0219i istoricul fiec\u0103rui pacient.<\/p>\n<p>Radiografiile dentare arat\u0103 probleme invizibile la controlul obi\u0219nuit, precum carii ascunse, afec\u021biuni ale r\u0103d\u0103cinilor sau pierdere osoas\u0103.\u00a0<\/p>\n<p>[\/et_pb_toggle][et_pb_toggle title=&#8221;Este dureros tratamentul de cur\u0103\u021bare?&#8221; _builder_version=&#8221;4.27.4&#8243; _module_preset=&#8221;5cc8d035-ac83-42eb-9e93-65383c7eeffe&#8221; global_colors_info=&#8221;{}&#8221;]<\/p>\n<p>Dac\u0103 ave\u021bi din\u021bii sau gingiile mai sensibile v\u0103 rug\u0103m s\u0103 ne informa\u021bi. Putem s\u0103 discut\u0103m op\u021biunile pentru a face igienizarea cat mai confortabil\u0103.<\/p>\n<p>[\/et_pb_toggle][et_pb_toggle title=&#8221;Ce s\u0103 fac c\u00e2nd am o durere puternic\u0103?&#8221; _builder_version=&#8221;4.27.4&#8243; _module_preset=&#8221;5cc8d035-ac83-42eb-9e93-65383c7eeffe&#8221; global_colors_info=&#8221;{}&#8221;]<\/p>\n<p><span style=\"vertical-align: inherit;\"><span style=\"vertical-align: inherit;\"><span style=\"vertical-align: inherit;\"><span style=\"vertical-align: inherit;\"><span style=\"vertical-align: inherit;\"><span style=\"vertical-align: inherit;\"><span style=\"vertical-align: inherit;\"><span style=\"vertical-align: inherit;\"><span style=\"vertical-align: inherit;\"><span style=\"vertical-align: inherit;\"><span style=\"vertical-align: inherit;\"><span style=\"vertical-align: inherit;\"><span style=\"vertical-align: inherit;\"><span style=\"vertical-align: inherit;\">Dac\u0103 experimenteaz\u0103 un episod de durere este important s\u0103 ne contactezi c<\/span><\/span><\/span><\/span><\/span><\/span><\/span><\/span><\/span><\/span><\/span><\/span><span style=\"vertical-align: inherit;\"><span style=\"vertical-align: inherit;\"><span style=\"vertical-align: inherit;\"><span style=\"vertical-align: inherit;\"><span style=\"vertical-align: inherit;\"><span style=\"vertical-align: inherit;\"><span style=\"vertical-align: inherit;\"><span style=\"vertical-align: inherit;\"><span style=\"vertical-align: inherit;\"><span style=\"vertical-align: inherit;\"><span style=\"vertical-align: inherit;\"><span style=\"vertical-align: inherit;\"><span style=\"vertical-align: inherit;\">\u00e2<\/span><\/span><\/span><\/span><\/span><\/span><\/span><\/span><\/span><\/span><\/span><\/span><\/span><span style=\"vertical-align: inherit;\"><span style=\"vertical-align: inherit;\"><span style=\"vertical-align: inherit;\"><span style=\"vertical-align: inherit;\"><span style=\"vertical-align: inherit;\"><span style=\"vertical-align: inherit;\"><span style=\"vertical-align: inherit;\"><span style=\"vertical-align: inherit;\"><span style=\"vertical-align: inherit;\"><span style=\"vertical-align: inherit;\"><span style=\"vertical-align: inherit;\"><span style=\"vertical-align: inherit;\">t mai repede. Durerea este un semnal important c\u0103 ceva nu este bine. Po\u021bi s\u0103 cl\u0103te\u0219ti gura cu o solu\u021bie salin\u0103 c\u0103ldu\u021b\u0103 \u0219i po\u021bi s\u0103 utilizezi medicamente pentru calmarea durerilor de la farmacie.<\/span><\/span><\/span><\/span><\/span><\/span><\/span><\/span><\/span><\/span><\/span><\/span><\/span><\/span><\/p>\n<p><span style=\"vertical-align: inherit;\"><span style=\"vertical-align: inherit;\"><span style=\"vertical-align: inherit;\"><span style=\"vertical-align: inherit;\"><span style=\"vertical-align: inherit;\"><span style=\"vertical-align: inherit;\"><span style=\"vertical-align: inherit;\"><span style=\"vertical-align: inherit;\"><span style=\"vertical-align: inherit;\"><span style=\"vertical-align: inherit;\"><span style=\"vertical-align: inherit;\"><span style=\"vertical-align: inherit;\"><span style=\"vertical-align: inherit;\"><span style=\"vertical-align: inherit;\">Vom face tot ce putem s\u0103 te consultam c\u00e2t mai repede pentru a identifica sursa durerii \u0219i a administra tratatul potrivit.<\/span><\/span><\/span><\/span><\/span><\/span><\/span><\/span><\/span><\/span><\/span><\/span><\/span><\/span><\/p>\n<p>[\/et_pb_toggle][\/et_pb_column][\/et_pb_row][et_pb_row column_structure=&#8221;1_3,2_3&#8243; _builder_version=&#8221;4.27.4&#8243; _module_preset=&#8221;9f6052f8-88c4-4425-9407-3ca977c3290f&#8221; min_height=&#8221;146.6px&#8221; custom_margin=&#8221;30px||||false|false&#8221; global_colors_info=&#8221;{}&#8221;][et_pb_column type=&#8221;1_3&#8243; _builder_version=&#8221;4.27.4&#8243; _module_preset=&#8221;default&#8221; global_colors_info=&#8221;{}&#8221;][et_pb_heading title=&#8221;SERVICII DE ESTETICA&#8221; _builder_version=&#8221;4.27.4&#8243; _module_preset=&#8221;9a89e6a4-b388-4353-b43d-285a944affd6&#8243; custom_margin=&#8221;||10px||false|false&#8221; global_colors_info=&#8221;{}&#8221;][\/et_pb_heading][et_pb_text _builder_version=&#8221;4.27.4&#8243; _module_preset=&#8221;default&#8221; global_colors_info=&#8221;{}&#8221;]<\/p>\n<p>\u00a0Imbunatateste aspectul zambetului tau cu:<strong><\/strong><\/p>\n<ul>\n<li style=\"list-style-type: none;\">\n<ul>\n<li style=\"list-style-type: none;\">\n<ul>\n<li><strong>detartraj<\/strong><\/li>\n<li><strong>periaj profesional<\/strong><\/li>\n<li><strong>air flow<\/strong><\/li>\n<li><strong>alte tratamente estetice<\/strong><\/li>\n<\/ul>\n<\/li>\n<\/ul>\n<\/li>\n<\/ul>\n<p>[\/et_pb_text][\/et_pb_column][et_pb_column type=&#8221;2_3&#8243; _builder_version=&#8221;4.27.4&#8243; _module_preset=&#8221;default&#8221; global_colors_info=&#8221;{}&#8221;][et_pb_toggle title=&#8221;Procedura de albire profesional\u0103 a din\u021bilor este sigur\u0103?&#8221; _builder_version=&#8221;4.27.4&#8243; _module_preset=&#8221;5cc8d035-ac83-42eb-9e93-65383c7eeffe&#8221; global_colors_info=&#8221;{}&#8221;]<\/p>\n<p>Da, albirea profesional\u0103 sub supraveghere medical\u0103 este o metod\u0103 sigur\u0103 \u0219i eficient\u0103 de a-\u021bi \u00eembun\u0103t\u0103\u021bi z\u00e2mbetul. <br \/>I\u021bi evalu\u0103m s\u0103n\u0103tatea oral\u0103 pentru a stabili dac\u0103 albirea este potrivit\u0103 pentru tine, folosim substan\u021be \u0219i tehnici de calitate ce reduc sensibilitatea \u0219i protejeaz\u0103 smal\u021bul.\u00a0<\/p>\n<p>[\/et_pb_toggle][et_pb_toggle title=&#8221;Ce sunt fa\u021betele dentare si c\u00e2t timp rezist\u0103 ?&#8221; _builder_version=&#8221;4.27.4&#8243; _module_preset=&#8221;5cc8d035-ac83-42eb-9e93-65383c7eeffe&#8221; global_colors_info=&#8221;{}&#8221;]<\/p>\n<p>Fa\u021betele dentare sunt un strat sub\u021bire, personalizat, de obicei din ceramica EMAX sau feldspatica, aplicat pe fa\u021ba din\u021bilor pentru a le \u00eembun\u0103t\u0103\u021bi aspectul. Ele pot corecta de asemenea ciobituri, pete, spa\u021bii \u00eentre din\u021bi sau forme neregulate \u0219i, cu o \u00eengrijire corespunz\u0103toare \u0219i controale regulate, pot dura 10\u201315 ani sau chiar mai mult.<\/p>\n<p>[\/et_pb_toggle][et_pb_toggle title=&#8221;Dantura nealiniat\u0103 uniform poate fi corectat\u0103 f\u0103r\u0103 aparat ortodontic tradi\u021bional?&#8221; _builder_version=&#8221;4.27.4&#8243; _module_preset=&#8221;5cc8d035-ac83-42eb-9e93-65383c7eeffe&#8221; global_colors_info=&#8221;{}&#8221;]<\/p>\n<p>Da, putem corecta spa\u021biile sau din\u021bii u\u0219or str\u00e2mbi f\u0103r\u0103 aparat dentar. Medicul v\u0103 poate recomanda cea mai potrivit\u0103 solu\u021bie, op\u021biunile includ alignere transparente (ex. Spark), fa\u021bete din compozit sau fa\u021bete EMAX, \u00een func\u021bie de caz.<\/p>\n<p>[\/et_pb_toggle][\/et_pb_column][\/et_pb_row][et_pb_row column_structure=&#8221;1_3,2_3&#8243; _builder_version=&#8221;4.27.4&#8243; _module_preset=&#8221;9f6052f8-88c4-4425-9407-3ca977c3290f&#8221; min_height=&#8221;354.6px&#8221; custom_margin=&#8221;30px|auto|428px|auto|false|false&#8221; global_colors_info=&#8221;{}&#8221;][et_pb_column type=&#8221;1_3&#8243; _builder_version=&#8221;4.27.4&#8243; _module_preset=&#8221;default&#8221; global_colors_info=&#8221;{}&#8221;][et_pb_heading title=&#8221;SERVICII DE RECONSTRUCTIE&#8221; _builder_version=&#8221;4.27.4&#8243; _module_preset=&#8221;9a89e6a4-b388-4353-b43d-285a944affd6&#8243; custom_margin=&#8221;||10px||false|false&#8221; global_colors_info=&#8221;{}&#8221;][\/et_pb_heading][et_pb_text _builder_version=&#8221;4.27.4&#8243; _module_preset=&#8221;default&#8221; global_colors_info=&#8221;{}&#8221;]<\/p>\n<p>Recuperare functionala si confort utilizand:<\/p>\n<ul>\n<li style=\"list-style-type: none;\">\n<ul>\n<li style=\"list-style-type: none;\">\n<ul>\n<li><strong>coronite<\/strong><\/li>\n<li><strong>punti<\/strong><\/li>\n<li><strong>implanturi<\/strong><\/li>\n<li><strong>tehnici avansate<\/strong>.<\/li>\n<\/ul>\n<\/li>\n<\/ul>\n<\/li>\n<\/ul>\n<p>[\/et_pb_text][\/et_pb_column][et_pb_column type=&#8221;2_3&#8243; _builder_version=&#8221;4.27.4&#8243; _module_preset=&#8221;default&#8221; global_colors_info=&#8221;{}&#8221;][et_pb_toggle title=&#8221;Cati ani rezista un implant?&#8221; _builder_version=&#8221;4.27.4&#8243; _module_preset=&#8221;5cc8d035-ac83-42eb-9e93-65383c7eeffe&#8221; global_colors_info=&#8221;{}&#8221;]<\/p>\n<p>Implanturile dentale reprezinta o solutie pe termen lung pentru situatiile in care lipsesc dinti. Cu o igiena corecta (periaj, ata dentara) si controale regulate, implanturile dentale pot sa reziste pe toata perioada vietii in cazul multor pacienti.<br \/>Perioada depinde de asemenea de factori specifici cum ar fi starea generala de sanatate, calitatea osului din maxilar, ingrijirea regulata.<\/p>\n<p>[\/et_pb_toggle][et_pb_toggle title=&#8221;Cum arata puntea, are un aspect natural?&#8221; _builder_version=&#8221;4.27.4&#8243; _module_preset=&#8221;5cc8d035-ac83-42eb-9e93-65383c7eeffe&#8221; global_colors_info=&#8221;{}&#8221;]<\/p>\n<p>Da, puntile moderne sunt construite astfel incat sa aiba un aspect natural si se integreaza foarte bine alaturi de dintii existenti. Urmarim o potrivire perfecta de culoare, forma si dimensiune pentru a restaura dantura funtional si estetic.<\/p>\n<p>[\/et_pb_toggle][et_pb_toggle title=&#8221;Este dureros tratamentul dentar de reconstructie?&#8221; _builder_version=&#8221;4.27.4&#8243; _module_preset=&#8221;5cc8d035-ac83-42eb-9e93-65383c7eeffe&#8221; global_colors_info=&#8221;{}&#8221;]<\/p>\n<p>Intelegem ca gandul unui tratament dentar poate sa genereze stres, de aceea confortul clientului este o prioritate pentru noi la Blanco Dental. Iti vom prezenta toate detaliile inainte de a demara interventia.<\/p>\n<p>Utilizam anestezia locala pentru a &#8220;amorti&#8221; zona de interventie, garantand ca nu veti simti durere in timpul tratamentului.<\/p>\n<p>[\/et_pb_toggle][\/et_pb_column][\/et_pb_row][\/et_pb_section]<\/p>\n","protected":false},"excerpt":{"rendered":"<p>Solutia durabila ce arata aproape natural in cazul dintilor lipsa.Verificari complete, igienizari si ingrijire preventiva.Zambete transformate prin procedura de albire, fatete sau alte interventii.Ingrijire imediata pentru dureri puternice\u00a0 si pentru alte situatii. \u00a0 \u00a0 \u00a0 \u00a0 \u00a0 \u00a0Echipa noastra intelege nevoile specifice fiecarei grupe de varsta &#8211; de la copii pana la seniori. Ne implicam [&hellip;]<\/p>\n","protected":false},"author":1,"featured_media":0,"parent":0,"menu_order":0,"comment_status":"closed","ping_status":"closed","template":"","meta":{"_et_pb_use_builder":"on","_et_pb_old_content":"","_et_gb_content_width":"","footnotes":""},"class_list":["post-15","page","type-page","status-publish","hentry"],"_links":{"self":[{"href":"https:\/\/blancodental.ro\/index.php\/wp-json\/wp\/v2\/pages\/15","targetHints":{"allow":["GET"]}}],"collection":[{"href":"https:\/\/blancodental.ro\/index.php\/wp-json\/wp\/v2\/pages"}],"about":[{"href":"https:\/\/blancodental.ro\/index.php\/wp-json\/wp\/v2\/types\/page"}],"author":[{"embeddable":true,"href":"https:\/\/blancodental.ro\/index.php\/wp-json\/wp\/v2\/users\/1"}],"replies":[{"embeddable":true,"href":"https:\/\/blancodental.ro\/index.php\/wp-json\/wp\/v2\/comments?post=15"}],"version-history":[{"count":54,"href":"https:\/\/blancodental.ro\/index.php\/wp-json\/wp\/v2\/pages\/15\/revisions"}],"predecessor-version":[{"id":491,"href":"https:\/\/blancodental.ro\/index.php\/wp-json\/wp\/v2\/pages\/15\/revisions\/491"}],"wp:attachment":[{"href":"https:\/\/blancodental.ro\/index.php\/wp-json\/wp\/v2\/media?parent=15"}],"curies":[{"name":"wp","href":"https:\/\/api.w.org\/{rel}","templated":true}]}}